{"id":73,"date":"2025-08-06T15:32:01","date_gmt":"2025-08-06T15:32:01","guid":{"rendered":"https:\/\/citysafex.de\/?page_id=73"},"modified":"2025-08-06T15:34:01","modified_gmt":"2025-08-06T15:34:01","slug":"impressum","status":"publish","type":"page","link":"https:\/\/citysafex.de\/index.php\/impressum\/","title":{"rendered":"Impressum"},"content":{"rendered":"<p>[et_pb_section fb_built=&#8220;1&#8243; admin_label=&#8220;Approach&#8220; _builder_version=&#8220;4.16&#8243; _module_preset=&#8220;default&#8220; global_colors_info=&#8220;{}&#8220; theme_builder_area=&#8220;post_content&#8220;][et_pb_row _builder_version=&#8220;4.16&#8243; _module_preset=&#8220;default&#8220; hover_enabled=&#8220;0&#8243; global_colors_info=&#8220;{}&#8220; theme_builder_area=&#8220;post_content&#8220; sticky_enabled=&#8220;0&#8243;][et_pb_column type=&#8220;4_4&#8243; _builder_version=&#8220;4.16&#8243; _module_preset=&#8220;default&#8220; global_colors_info=&#8220;{}&#8220; theme_builder_area=&#8220;post_content&#8220;][et_pb_text _builder_version=&#8220;4.27.4&#8243; _module_preset=&#8220;32021f09-dd67-47fb-8f9a-832b72a38baf&#8220; header_2_font=&#8220;Michroma||||||||&#8220; header_2_text_color=&#8220;#000724&#8243; header_2_font_size=&#8220;32px&#8220; header_2_line_height=&#8220;1.35em&#8220; hover_enabled=&#8220;0&#8243; header_2_font_size_tablet=&#8220;32px&#8220; header_2_font_size_phone=&#8220;20px&#8220; header_2_font_size_last_edited=&#8220;on|tablet&#8220; locked=&#8220;off&#8220; global_colors_info=&#8220;{}&#8220; theme_builder_area=&#8220;post_content&#8220; sticky_enabled=&#8220;0&#8243;]<\/p>\n<h2 data-start=\"1325\" data-end=\"1350\">Impressum<\/h2>\n<p data-start=\"1352\" data-end=\"1393\">\n<p>[\/et_pb_text][et_pb_text _builder_version=&#8220;4.16&#8243; _module_preset=&#8220;4deaa1a6-d0cd-49d0-ada3-8dc22addd086&#8243; header_4_font=&#8220;Michroma|700||on|||||&#8220; header_4_font_size=&#8220;14px&#8220; header_4_letter_spacing=&#8220;0.3em&#8220; header_4_line_height=&#8220;1.7em&#8220; max_width=&#8220;200px&#8220; custom_margin=&#8220;|-217px|0px|2px|false|false&#8220; custom_padding=&#8220;|0px||||&#8220; header_4_font_size_tablet=&#8220;12px&#8220; header_4_font_size_phone=&#8220;10px&#8220; header_4_font_size_last_edited=&#8220;on|phone&#8220; locked=&#8220;off&#8220; global_colors_info=&#8220;{}&#8220; theme_builder_area=&#8220;post_content&#8220;]<\/p>\n<h4><strong data-start=\"251\" data-end=\"277\">Angaben gem\u00e4\u00df <\/strong><strong data-start=\"251\" data-end=\"277\">\u00a7\u202f5 TMG:<\/strong><\/h4>\n<p>[\/et_pb_text][et_pb_text _builder_version=&#8220;4.16&#8243; _module_preset=&#8220;16a54059-cc81-4572-9c70-eda6a6c419bf&#8220; text_font_size=&#8220;16px&#8220; text_line_height=&#8220;1.8em&#8220; text_font_size_tablet=&#8220;15px&#8220; text_font_size_phone=&#8220;14px&#8220; text_font_size_last_edited=&#8220;on|phone&#8220; header_font_size_tablet=&#8220;55px&#8220; header_font_size_last_edited=&#8220;off|desktop&#8220; locked=&#8220;off&#8220; global_colors_info=&#8220;{}&#8220; theme_builder_area=&#8220;post_content&#8220;]<\/p>\n<p data-start=\"1352\" data-end=\"1393\"><span class=\"relative -mx-px my-[-0.2rem] rounded px-px py-[0.2rem] transition-colors duration-100 ease-in-out\"><\/span><\/p>\n<p data-start=\"251\" data-end=\"374\">City Safe X Security und Dienstleistungen GmbH<br data-start=\"326\" data-end=\"329\" \/>Georgenstra\u00dfe 35<br data-start=\"345\" data-end=\"348\" \/>10117 Berlin<br data-start=\"360\" data-end=\"363\" \/>Deutschland<\/p>\n<p data-start=\"376\" data-end=\"432\"><strong data-start=\"376\" data-end=\"396\">Vertreten durch:<\/strong><br data-start=\"396\" data-end=\"399\" \/>Gesch\u00e4ftsf\u00fchrer: Mohammad El-Zein<\/p>\n<p data-start=\"434\" data-end=\"552\"><strong data-start=\"434\" data-end=\"461\">Handelsregistereintrag:<\/strong><br data-start=\"461\" data-end=\"464\" \/>Registergericht: Amtsgericht Berlin-Charlottenburg<br data-start=\"514\" data-end=\"517\" \/>Handelsregisternummer: HRB 265020 B<\/p>\n<p data-start=\"623\" data-end=\"767\"><strong data-start=\"623\" data-end=\"643\">Umsatzsteuer-ID:<\/strong><br data-start=\"643\" data-end=\"646\" \/>[bitte erg\u00e4nzen, falls vorhanden \u2013 z.\u202fB. DE123456789]<br data-start=\"699\" data-end=\"702\" \/>Umsatzsteuer-Identifikationsnummer gem\u00e4\u00df \u00a7\u202f27a Umsatzsteuergesetz<\/p>\n<p data-start=\"769\" data-end=\"878\"><strong data-start=\"769\" data-end=\"825\">Verantwortlich f\u00fcr den Inhalt nach \u00a7\u202f55 Abs. 2 RStV:<\/strong><br data-start=\"825\" data-end=\"828\" \/>Mohammad El-Zein<br data-start=\"844\" data-end=\"847\" \/>Georgenstra\u00dfe 35<br data-start=\"863\" data-end=\"866\" \/>10117 Berlin<\/p>\n<p data-start=\"769\" data-end=\"878\"><strong data-start=\"554\" data-end=\"566\">Kontakt:<\/strong><br data-start=\"566\" data-end=\"569\" \/>Telefon: +493023297655<br data-start=\"594\" data-end=\"597\" \/>E-Mail: info @citysafex.de<\/p>\n<p data-start=\"769\" data-end=\"878\">\n<p data-start=\"769\" data-end=\"878\">\n<p data-start=\"880\" data-end=\"1138\"><strong data-start=\"880\" data-end=\"904\">Haftung f\u00fcr Inhalte:<\/strong><br data-start=\"904\" data-end=\"907\" \/>Als Diensteanbieter sind wir gem\u00e4\u00df \u00a7\u202f7 Abs.1 TMG f\u00fcr eigene Inhalte auf diesen Seiten nach den allgemeinen Gesetzen verantwortlich. F\u00fcr die Richtigkeit, Vollst\u00e4ndigkeit und Aktualit\u00e4t der Inhalte \u00fcbernehmen wir jedoch keine Gew\u00e4hr.<\/p>\n<p data-start=\"1140\" data-end=\"1356\"><strong data-start=\"1140\" data-end=\"1162\">Haftung f\u00fcr Links:<\/strong><br data-start=\"1162\" data-end=\"1165\" \/>Trotz sorgf\u00e4ltiger inhaltlicher Kontrolle \u00fcbernehmen wir keine Haftung f\u00fcr die Inhalte externer Links. F\u00fcr den Inhalt der verlinkten Seiten sind ausschlie\u00dflich deren Betreiber verantwortlich.<\/p>\n<p data-start=\"1358\" data-end=\"1541\"><strong data-start=\"1358\" data-end=\"1413\">Online-Streitbeilegung gem\u00e4\u00df Art. 14 Abs. 1 ODR-VO:<\/strong><br data-start=\"1413\" data-end=\"1416\" \/>Die Europ\u00e4ische Kommission stellt eine Plattform zur Online-Streitbeilegung (OS) bereit:<br data-start=\"1504\" data-end=\"1507\" \/><a data-start=\"1507\" data-end=\"1541\" rel=\"noopener\" target=\"_new\" class=\"cursor-pointer\">https:\/\/ec.europa.eu\/consumers\/odr<\/a><\/p>\n<p data-start=\"554\" data-end=\"621\">\n<p>[\/et_pb_text][et_pb_image src=&#8220;https:\/\/citysafex.de\/wp-content\/uploads\/2025\/08\/security-services-007.jpg&#8220; title_text=&#8220;security-services-007&#8243; _builder_version=&#8220;4.16&#8243; _module_preset=&#8220;default&#8220; locked=&#8220;off&#8220; global_colors_info=&#8220;{}&#8220; theme_builder_area=&#8220;post_content&#8220;][\/et_pb_image][\/et_pb_column][\/et_pb_row][\/et_pb_section][et_pb_section fb_built=&#8220;1&#8243; admin_label=&#8220;Footer&#8220; _builder_version=&#8220;4.16&#8243; _module_preset=&#8220;default&#8220; use_background_color_gradient=&#8220;on&#8220; background_color_gradient_direction=&#8220;-40deg&#8220; background_color_gradient_stops=&#8220;#ffc230 50%|#ed4421 50%&#8220; background_color_gradient_start=&#8220;#ffc230&#8243; background_color_gradient_start_position=&#8220;50%&#8220; background_color_gradient_end=&#8220;#ed4421&#8243; background_color_gradient_end_position=&#8220;50%&#8220; background_image=&#8220;https:\/\/citysafex.de\/wp-content\/uploads\/2025\/08\/security-services-008.png&#8220; locked=&#8220;off&#8220; global_colors_info=&#8220;{}&#8220; theme_builder_area=&#8220;post_content&#8220;][et_pb_row column_structure=&#8220;1_4,1_4,1_2&#8243; make_equal=&#8220;on&#8220; _builder_version=&#8220;4.16&#8243; _module_preset=&#8220;default&#8220; global_colors_info=&#8220;{}&#8220; theme_builder_area=&#8220;post_content&#8220;][et_pb_column type=&#8220;1_4&#8243; _builder_version=&#8220;4.16&#8243; _module_preset=&#8220;default&#8220; global_colors_info=&#8220;{}&#8220; theme_builder_area=&#8220;post_content&#8220;][et_pb_text _builder_version=&#8220;4.16&#8243; _module_preset=&#8220;3a5fa9a7-7987-4564-89a5-37b87a5b6ad8&#8243; header_font=&#8220;||||||||&#8220; header_3_font=&#8220;Michroma|700|||||||&#8220; header_3_text_color=&#8220;#FFFFFF&#8220; header_3_line_height=&#8220;1.5em&#8220; custom_margin=&#8220;||10px||false|false&#8220; header_3_font_size_tablet=&#8220;20px&#8220; header_3_font_size_phone=&#8220;16px&#8220; header_3_font_size_last_edited=&#8220;on|phone&#8220; locked=&#8220;off&#8220; global_colors_info=&#8220;{}&#8220; theme_builder_area=&#8220;post_content&#8220;]<\/p>\n<h3>Services<\/h3>\n<p>[\/et_pb_text][et_pb_text _builder_version=&#8220;4.16&#8243; _module_preset=&#8220;aec0be99-8a53-4f75-abf2-64f29a8b4cc2&#8243; text_font=&#8220;Ubuntu|500|||||||&#8220; text_text_color=&#8220;#FFFFFF&#8220; text_font_size=&#8220;17px&#8220; text_line_height=&#8220;2.2em&#8220; link_text_color=&#8220;#FFFFFF&#8220; custom_margin=&#8220;||0px||false|false&#8220; text_font_size_tablet=&#8220;16px&#8220; text_font_size_phone=&#8220;13px&#8220; text_font_size_last_edited=&#8220;on|phone&#8220; locked=&#8220;off&#8220; global_colors_info=&#8220;{}&#8220; link_text_color__hover_enabled=&#8220;on|desktop&#8220; link_text_color__hover=&#8220;#FFC230&#8243; theme_builder_area=&#8220;post_content&#8220;]<\/p>\n<p><a href=\"#\">Sicherheitsdienst Berlin<\/a><\/p>\n<p>Veranstaltungsschutz &amp; Event-Security<\/p>\n<p><a href=\"#\">Verkehrs-, Bahn- &amp; \u00d6PNV-Sicherheit (BVG \/ Deutsche Bahn)<\/a><\/p>\n<p><a href=\"#\">Revierdienst &amp; Mobile Streifen<\/a><\/p>\n<p>Brandsicherheitswachdienst &amp; Notruf\u2011Serviceleitstelle<\/p>\n<p>Personenschutz &amp; Botschaftsbewachung<\/p>\n<p><a href=\"#\">Baustellenbewachung &amp; Arealsicherung<\/a><\/p>\n<p>Interventionsdienst &amp; Citystreife<\/p>\n<p>Sicherheitsberatung &amp; individuelle Konzepte<\/p>\n<p>Technikgest\u00fctzte Sicherheit &amp; Video\u00fcberwachung<\/p>\n<p>Zusatz- und Serviceleistungen<\/p>\n<p>[\/et_pb_text][\/et_pb_column][et_pb_column type=&#8220;1_4&#8243; _builder_version=&#8220;4.16&#8243; _module_preset=&#8220;default&#8220; global_colors_info=&#8220;{}&#8220; theme_builder_area=&#8220;post_content&#8220;][et_pb_text _builder_version=&#8220;4.16&#8243; _module_preset=&#8220;3a5fa9a7-7987-4564-89a5-37b87a5b6ad8&#8243; header_font=&#8220;||||||||&#8220; header_3_font=&#8220;Michroma|700|||||||&#8220; header_3_text_color=&#8220;#FFFFFF&#8220; header_3_line_height=&#8220;1.5em&#8220; custom_margin=&#8220;||10px||false|false&#8220; header_3_font_size_tablet=&#8220;20px&#8220; header_3_font_size_phone=&#8220;16px&#8220; header_3_font_size_last_edited=&#8220;on|phone&#8220; locked=&#8220;off&#8220; global_colors_info=&#8220;{}&#8220; theme_builder_area=&#8220;post_content&#8220;]<\/p>\n<h3>Links<\/h3>\n<p>[\/et_pb_text][et_pb_text _builder_version=&#8220;4.16&#8243; _module_preset=&#8220;aec0be99-8a53-4f75-abf2-64f29a8b4cc2&#8243; text_font=&#8220;Ubuntu|500|||||||&#8220; text_text_color=&#8220;#FFFFFF&#8220; text_font_size=&#8220;17px&#8220; text_line_height=&#8220;2.2em&#8220; link_text_color=&#8220;#FFFFFF&#8220; custom_margin=&#8220;||0px||false|false&#8220; text_font_size_tablet=&#8220;16px&#8220; text_font_size_phone=&#8220;13px&#8220; text_font_size_last_edited=&#8220;on|phone&#8220; locked=&#8220;off&#8220; global_colors_info=&#8220;{}&#8220; link_text_color__hover=&#8220;#FFC230&#8243; link_text_color__hover_enabled=&#8220;on|desktop&#8220; theme_builder_area=&#8220;post_content&#8220;]<\/p>\n<p>Startseite<\/p>\n<p>Leistungen<\/p>\n<p>\u00dcber uns\u00a0<\/p>\n<p>Datenschutz<\/p>\n<p>Impressum<\/p>\n<p>&nbsp;<\/p>\n<p>[\/et_pb_text][\/et_pb_column][et_pb_column type=&#8220;1_2&#8243; _builder_version=&#8220;4.16&#8243; _module_preset=&#8220;default&#8220; background_color=&#8220;#000724&#8243; custom_padding=&#8220;60px|60px|60px|60px|true|true&#8220; custom_padding_tablet=&#8220;50px|50px|50px|50px|true|true&#8220; custom_padding_phone=&#8220;20px|20px|20px|20px|true|true&#8220; custom_padding_last_edited=&#8220;on|phone&#8220; box_shadow_style=&#8220;preset1&#8243; box_shadow_horizontal=&#8220;30px&#8220; box_shadow_vertical=&#8220;100px&#8220; box_shadow_blur=&#8220;120px&#8220; box_shadow_color=&#8220;rgba(0,7,36,0.7)&#8220; global_colors_info=&#8220;{}&#8220; theme_builder_area=&#8220;post_content&#8220;][et_pb_image src=&#8220;https:\/\/citysafex.de\/wp-content\/uploads\/2025\/08\/Sicherheitsdienst-Firma-Berlin.png&#8220; title_text=&#8220;Sicherheitsdienst Firma Berlin&#8220; _builder_version=&#8220;4.27.4&#8243; _module_preset=&#8220;default&#8220; max_width=&#8220;150px&#8220; max_width_tablet=&#8220;80px&#8220; max_width_phone=&#8220;60px&#8220; max_width_last_edited=&#8220;on|phone&#8220; custom_margin=&#8220;-110px|||-110px|false|false&#8220; custom_margin_tablet=&#8220;-75px|||-75px|false|false&#8220; custom_margin_phone=&#8220;-35px|||-35px|false|false&#8220; custom_margin_last_edited=&#8220;on|phone&#8220; locked=&#8220;off&#8220; global_colors_info=&#8220;{}&#8220; theme_builder_area=&#8220;post_content&#8220;][\/et_pb_image][et_pb_text _builder_version=&#8220;4.16&#8243; _module_preset=&#8220;32021f09-dd67-47fb-8f9a-832b72a38baf&#8220; header_2_font=&#8220;Michroma||||||||&#8220; header_2_text_color=&#8220;#FFFFFF&#8220; header_2_font_size=&#8220;32px&#8220; header_2_line_height=&#8220;1.35em&#8220; custom_margin_tablet=&#8220;|0%|||false|false&#8220; custom_margin_last_edited=&#8220;off|desktop&#8220; header_2_font_size_tablet=&#8220;32px&#8220; header_2_font_size_phone=&#8220;20px&#8220; header_2_font_size_last_edited=&#8220;on|tablet&#8220; locked=&#8220;off&#8220; global_colors_info=&#8220;{}&#8220; theme_builder_area=&#8220;post_content&#8220;]<\/p>\n<h2><strong data-start=\"1885\" data-end=\"1905\">City Safe X GmbH<\/strong><\/h2>\n<p>[\/et_pb_text][et_pb_blurb title=&#8220;Haupsitz&#8220; image=&#8220;https:\/\/citysafex.de\/wp-content\/uploads\/2025\/08\/sercurity-services-icon-light-9.png&#8220; icon_placement=&#8220;left&#8220; image_icon_width=&#8220;48px&#8220; content_max_width=&#8220;100%&#8220; image_icon_width_tablet=&#8220;32px&#8220; image_icon_width_phone=&#8220;24px&#8220; image_icon_width_last_edited=&#8220;on|phone&#8220; _builder_version=&#8220;4.16&#8243; _module_preset=&#8220;794e3381-eaa8-4dd9-ae78-e1c4b9119be9&#8243; header_font=&#8220;Michroma|700||on|||||&#8220; header_text_color=&#8220;#FFFFFF&#8220; header_font_size=&#8220;12px&#8220; header_letter_spacing=&#8220;0.2em&#8220; header_line_height=&#8220;1.2em&#8220; body_font=&#8220;Ubuntu|700|||||||&#8220; body_text_color=&#8220;#FFC230&#8243; body_line_height=&#8220;1.6em&#8220; body_link_text_color=&#8220;#FFC230&#8243; background_layout=&#8220;dark&#8220; custom_margin=&#8220;||50px||false|false&#8220; custom_margin_tablet=&#8220;||40px||false|false&#8220; custom_margin_phone=&#8220;||30px||false|false&#8220; custom_margin_last_edited=&#8220;on|phone&#8220; animation=&#8220;off&#8220; header_font_size_tablet=&#8220;10px&#8220; header_font_size_phone=&#8220;&#8220; header_font_size_last_edited=&#8220;on|phone&#8220; body_font_size_tablet=&#8220;14px&#8220; body_font_size_phone=&#8220;13px&#8220; body_font_size_last_edited=&#8220;on|phone&#8220; image_max_width=&#8220;48px&#8220; image_max_width_tablet=&#8220;32px&#8220; image_max_width_phone=&#8220;24px&#8220; image_max_width_last_edited=&#8220;on|phone&#8220; locked=&#8220;off&#8220; global_colors_info=&#8220;{}&#8220; theme_builder_area=&#8220;post_content&#8220;]<\/p>\n<p><span class=\"relative -mx-px my-[-0.2rem] rounded px-px py-[0.2rem] transition-colors duration-100 ease-in-out\">Georgenstra\u00dfe\u202f35, 10117 Berlin<\/span><\/p>\n<p>[\/et_pb_blurb][et_pb_blurb title=&#8220;Call us&#8220; image=&#8220;https:\/\/citysafex.de\/wp-content\/uploads\/2025\/08\/sercurity-services-icon-light-15.png&#8220; icon_placement=&#8220;left&#8220; image_icon_width=&#8220;48px&#8220; content_max_width=&#8220;100%&#8220; image_icon_width_tablet=&#8220;32px&#8220; image_icon_width_phone=&#8220;24px&#8220; image_icon_width_last_edited=&#8220;on|phone&#8220; _builder_version=&#8220;4.27.4&#8243; _module_preset=&#8220;794e3381-eaa8-4dd9-ae78-e1c4b9119be9&#8243; header_font=&#8220;Michroma|700||on|||||&#8220; header_text_color=&#8220;#FFFFFF&#8220; header_font_size=&#8220;12px&#8220; header_letter_spacing=&#8220;0.2em&#8220; header_line_height=&#8220;1.2em&#8220; body_font=&#8220;Ubuntu|700|||||||&#8220; body_text_color=&#8220;#FFC230&#8243; body_line_height=&#8220;1.6em&#8220; body_link_text_color=&#8220;#FFC230&#8243; background_layout=&#8220;dark&#8220; custom_margin=&#8220;||50px||false|false&#8220; custom_margin_tablet=&#8220;||40px||false|false&#8220; custom_margin_phone=&#8220;||30px||false|false&#8220; custom_margin_last_edited=&#8220;on|phone&#8220; animation=&#8220;off&#8220; link_option_url=&#8220;Te:+493023297655&#8243; header_font_size_tablet=&#8220;10px&#8220; header_font_size_phone=&#8220;&#8220; header_font_size_last_edited=&#8220;on|phone&#8220; body_font_size_tablet=&#8220;14px&#8220; body_font_size_phone=&#8220;13px&#8220; body_font_size_last_edited=&#8220;on|phone&#8220; image_max_width=&#8220;48px&#8220; image_max_width_tablet=&#8220;32px&#8220; image_max_width_phone=&#8220;24px&#8220; image_max_width_last_edited=&#8220;on|phone&#8220; locked=&#8220;off&#8220; global_colors_info=&#8220;{}&#8220; theme_builder_area=&#8220;post_content&#8220;]<\/p>\n<p><a href=\"#\">(030) 232 976 55<\/a><\/p>\n<p>[\/et_pb_blurb][et_pb_blurb title=&#8220;Email us&#8220; url=&#8220;mailto:info@citysafex.de&#8220; image=&#8220;https:\/\/citysafex.de\/wp-content\/uploads\/2025\/08\/sercurity-services-icon-light-6.png&#8220; icon_placement=&#8220;left&#8220; image_icon_width=&#8220;48px&#8220; content_max_width=&#8220;100%&#8220; image_icon_width_tablet=&#8220;32px&#8220; image_icon_width_phone=&#8220;24px&#8220; image_icon_width_last_edited=&#8220;on|phone&#8220; _builder_version=&#8220;4.27.4&#8243; _module_preset=&#8220;794e3381-eaa8-4dd9-ae78-e1c4b9119be9&#8243; header_font=&#8220;Michroma|700||on|||||&#8220; header_text_color=&#8220;#FFFFFF&#8220; header_font_size=&#8220;12px&#8220; header_letter_spacing=&#8220;0.2em&#8220; header_line_height=&#8220;1.2em&#8220; body_font=&#8220;Ubuntu|700|||||||&#8220; body_text_color=&#8220;#FFC230&#8243; body_line_height=&#8220;1.6em&#8220; body_link_text_color=&#8220;#FFC230&#8243; background_layout=&#8220;dark&#8220; custom_margin=&#8220;||50px||false|false&#8220; custom_margin_tablet=&#8220;||40px||false|false&#8220; custom_margin_phone=&#8220;||30px||false|false&#8220; custom_margin_last_edited=&#8220;on|phone&#8220; animation=&#8220;off&#8220; header_font_size_tablet=&#8220;10px&#8220; header_font_size_phone=&#8220;&#8220; header_font_size_last_edited=&#8220;on|phone&#8220; body_font_size_tablet=&#8220;14px&#8220; body_font_size_phone=&#8220;13px&#8220; body_font_size_last_edited=&#8220;on|phone&#8220; image_max_width=&#8220;48px&#8220; image_max_width_tablet=&#8220;32px&#8220; image_max_width_phone=&#8220;24px&#8220; image_max_width_last_edited=&#8220;on|phone&#8220; locked=&#8220;off&#8220; global_colors_info=&#8220;{}&#8220; theme_builder_area=&#8220;post_content&#8220;]<\/p>\n<p>info @citysafex.de<\/p>\n<p>[\/et_pb_blurb][et_pb_button button_text=&#8220;E-Mail schreiben&#8220; _builder_version=&#8220;4.27.4&#8243; _module_preset=&#8220;a1a44e28-0dd8-4472-a0f2-f03501a13878&#8243; custom_button=&#8220;on&#8220; button_text_size=&#8220;16px&#8220; button_text_color=&#8220;#FFFFFF&#8220; button_bg_color=&#8220;#ED4421&#8243; button_border_width=&#8220;0px&#8220; button_border_radius=&#8220;0px&#8220; button_font=&#8220;Michroma|700|||||||&#8220; button_icon=&#8220;&#xe03c;||divi||400&#8243; custom_padding=&#8220;15px|30px|18px|30px|false|true&#8220; custom_padding_tablet=&#8220;12px|20px|15px|20px|false|true&#8220; custom_padding_phone=&#8220;&#8220; custom_padding_last_edited=&#8220;on|tablet&#8220; locked=&#8220;off&#8220; global_colors_info=&#8220;{}&#8220; button_text_color__hover=&#8220;#FFC230&#8243; button_text_color__hover_enabled=&#8220;on|desktop&#8220; button_bg_color__hover=&#8220;#544E70&#8243; button_bg_color__hover_enabled=&#8220;on|hover&#8220; custom_padding__hover=&#8220;|45px|||false|false&#8220; custom_padding__hover_enabled=&#8220;on|desktop&#8220; button_bg_enable_color__hover=&#8220;on&#8220; theme_builder_area=&#8220;post_content&#8220;][\/et_pb_button][\/et_pb_column][\/et_pb_row][\/et_pb_section]<\/p>\n","protected":false},"excerpt":{"rendered":"<p>Impressum Angaben gem\u00e4\u00df \u00a7\u202f5 TMG: City Safe X Security und Dienstleistungen GmbHGeorgenstra\u00dfe 3510117 BerlinDeutschland Vertreten durch:Gesch\u00e4ftsf\u00fchrer: Mohammad El-Zein Handelsregistereintrag:Registergericht: Amtsgericht Berlin-CharlottenburgHandelsregisternummer: HRB 265020 B Umsatzsteuer-ID:[bitte erg\u00e4nzen, falls vorhanden \u2013 z.\u202fB. DE123456789]Umsatzsteuer-Identifikationsnummer gem\u00e4\u00df \u00a7\u202f27a Umsatzsteuergesetz Verantwortlich f\u00fcr den Inhalt nach \u00a7\u202f55 Abs. 2 RStV:Mohammad El-ZeinGeorgenstra\u00dfe 3510117 Berlin Kontakt:Telefon: +493023297655E-Mail: info @citysafex.de Haftung f\u00fcr Inhalte:Als Diensteanbieter sind [&hellip;]<\/p>\n","protected":false},"author":1,"featured_media":0,"parent":0,"menu_order":0,"comment_status":"closed","ping_status":"closed","template":"","meta":{"_et_pb_use_builder":"on","_et_pb_old_content":"","_et_gb_content_width":"","footnotes":""},"class_list":["post-73","page","type-page","status-publish","hentry"],"_links":{"self":[{"href":"https:\/\/citysafex.de\/index.php\/wp-json\/wp\/v2\/pages\/73","targetHints":{"allow":["GET"]}}],"collection":[{"href":"https:\/\/citysafex.de\/index.php\/wp-json\/wp\/v2\/pages"}],"about":[{"href":"https:\/\/citysafex.de\/index.php\/wp-json\/wp\/v2\/types\/page"}],"author":[{"embeddable":true,"href":"https:\/\/citysafex.de\/index.php\/wp-json\/wp\/v2\/users\/1"}],"replies":[{"embeddable":true,"href":"https:\/\/citysafex.de\/index.php\/wp-json\/wp\/v2\/comments?post=73"}],"version-history":[{"count":4,"href":"https:\/\/citysafex.de\/index.php\/wp-json\/wp\/v2\/pages\/73\/revisions"}],"predecessor-version":[{"id":117,"href":"https:\/\/citysafex.de\/index.php\/wp-json\/wp\/v2\/pages\/73\/revisions\/117"}],"wp:attachment":[{"href":"https:\/\/citysafex.de\/index.php\/wp-json\/wp\/v2\/media?parent=73"}],"curies":[{"name":"wp","href":"https:\/\/api.w.org\/{rel}","templated":true}]}}