{"id":67,"date":"2025-08-06T15:35:16","date_gmt":"2025-08-06T15:35:16","guid":{"rendered":"https:\/\/citysafex.de\/?page_id=67"},"modified":"2025-08-06T15:59:34","modified_gmt":"2025-08-06T15:59:34","slug":"datenschutz","status":"publish","type":"page","link":"https:\/\/citysafex.de\/index.php\/datenschutz\/","title":{"rendered":"Datenschutz"},"content":{"rendered":"<p>[et_pb_section fb_built=&#8220;1&#8243; admin_label=&#8220;Approach&#8220; _builder_version=&#8220;4.16&#8243; _module_preset=&#8220;default&#8220; global_colors_info=&#8220;{}&#8220;][et_pb_row _builder_version=&#8220;4.16&#8243; _module_preset=&#8220;default&#8220; global_colors_info=&#8220;{}&#8220;][et_pb_column type=&#8220;4_4&#8243; _builder_version=&#8220;4.16&#8243; _module_preset=&#8220;default&#8220; global_colors_info=&#8220;{}&#8220;][et_pb_text _builder_version=&#8220;4.27.4&#8243; _module_preset=&#8220;32021f09-dd67-47fb-8f9a-832b72a38baf&#8220; header_2_font=&#8220;Michroma||||||||&#8220; header_2_text_color=&#8220;#000724&#8243; header_2_font_size=&#8220;32px&#8220; header_2_line_height=&#8220;1.35em&#8220; header_2_font_size_tablet=&#8220;32px&#8220; header_2_font_size_phone=&#8220;20px&#8220; header_2_font_size_last_edited=&#8220;on|tablet&#8220; locked=&#8220;off&#8220; global_colors_info=&#8220;{}&#8220;]<\/p>\n<h2 data-start=\"1325\" data-end=\"1350\">Datenschutz<\/h2>\n<p data-start=\"1352\" data-end=\"1393\">\n<p>[\/et_pb_text][et_pb_text _builder_version=&#8220;4.16&#8243; _module_preset=&#8220;4deaa1a6-d0cd-49d0-ada3-8dc22addd086&#8243; header_4_font=&#8220;Michroma|700||on|||||&#8220; header_4_font_size=&#8220;14px&#8220; header_4_letter_spacing=&#8220;0.3em&#8220; header_4_line_height=&#8220;1.7em&#8220; max_width=&#8220;200px&#8220; custom_margin=&#8220;|-217px|0px|2px|false|false&#8220; custom_padding=&#8220;|0px||||&#8220; header_4_font_size_tablet=&#8220;12px&#8220; header_4_font_size_phone=&#8220;10px&#8220; header_4_font_size_last_edited=&#8220;on|phone&#8220; locked=&#8220;off&#8220; global_colors_info=&#8220;{}&#8220;]<\/p>\n<h4>nach DSGVO, g\u00fcltig f\u00fcr die Website <a data-start=\"1618\" data-end=\"1634\" rel=\"noopener\" target=\"_new\" class=\"\" href=\"http:\/\/www.citysafex.de\">www.citysafex.de<\/a><\/h4>\n<p>[\/et_pb_text][et_pb_text _builder_version=&#8220;4.16&#8243; _module_preset=&#8220;16a54059-cc81-4572-9c70-eda6a6c419bf&#8220; text_font_size=&#8220;16px&#8220; text_line_height=&#8220;1.8em&#8220; text_font_size_tablet=&#8220;15px&#8220; text_font_size_phone=&#8220;14px&#8220; text_font_size_last_edited=&#8220;on|phone&#8220; header_font_size_tablet=&#8220;55px&#8220; header_font_size_last_edited=&#8220;off|desktop&#8220; locked=&#8220;off&#8220; global_colors_info=&#8220;{}&#8220;]<\/p>\n<p data-start=\"1352\" data-end=\"1393\"><span class=\"relative -mx-px my-[-0.2rem] rounded px-px py-[0.2rem] transition-colors duration-100 ease-in-out\"><\/span><\/p>\n<p data-start=\"1638\" data-end=\"1855\"><strong data-start=\"1638\" data-end=\"1678\">1. Allgemeines zur Datenverarbeitung<\/strong><br data-start=\"1678\" data-end=\"1681\" \/>Der Schutz Ihrer pers\u00f6nlichen Daten ist uns ein besonderes Anliegen. Wir verarbeiten Ihre Daten ausschlie\u00dflich auf Grundlage der gesetzlichen Bestimmungen (DSGVO, BDSG, TMG).<\/p>\n<p data-start=\"1857\" data-end=\"2018\"><strong data-start=\"1857\" data-end=\"1880\">2. Verantwortlicher<\/strong><br data-start=\"1880\" data-end=\"1883\" \/><strong>City Safe X Security und Dienstleistungen GmbH<\/strong><br data-start=\"1929\" data-end=\"1932\" \/>Georgenstra\u00dfe 35<br data-start=\"1948\" data-end=\"1951\" \/>10117 Berlin<br data-start=\"1963\" data-end=\"1966\" \/><strong data-start=\"554\" data-end=\"566\">Kontakt:<\/strong><br data-start=\"566\" data-end=\"569\" \/><span>Telefon: +493023297655<\/span><br data-start=\"594\" data-end=\"597\" \/><span>E-Mail: info @citysafex.de<\/span><\/p>\n<p data-start=\"2020\" data-end=\"2114\"><strong data-start=\"2020\" data-end=\"2112\">3. Erhebung und Speicherung personenbezogener Daten sowie Art und Zweck ihrer Verwendung<\/strong><\/p>\n<ul data-start=\"2115\" data-end=\"2347\">\n<li data-start=\"2115\" data-end=\"2190\">\n<p data-start=\"2117\" data-end=\"2190\">Beim Besuch der Website: IP-Adresse, Datum\/Uhrzeit, verwendeter Browser<\/p>\n<\/li>\n<li data-start=\"2191\" data-end=\"2347\">\n<p data-start=\"2193\" data-end=\"2347\">Bei Kontaktaufnahme per Formular oder E-Mail: Name, E-Mail-Adresse, Nachricht<br data-start=\"2270\" data-end=\"2273\" \/>Diese Daten werden ausschlie\u00dflich zur Bearbeitung Ihrer Anfrage verwendet.<\/p>\n<\/li>\n<\/ul>\n<p data-start=\"2349\" data-end=\"2544\"><strong data-start=\"2349\" data-end=\"2388\">4. Rechtsgrundlage der Verarbeitung<\/strong><br data-start=\"2388\" data-end=\"2391\" \/>Die Verarbeitung erfolgt gem\u00e4\u00df Art.\u202f6 Abs.\u202f1 DSGVO, insbesondere zur Vertragserf\u00fcllung, vorvertraglichen Ma\u00dfnahmen oder auf Grundlage Ihrer Einwilligung.<\/p>\n<p data-start=\"2546\" data-end=\"2714\"><strong data-start=\"2546\" data-end=\"2573\">5. Weitergabe von Daten<\/strong><br data-start=\"2573\" data-end=\"2576\" \/>Es erfolgt keine \u00dcbermittlung Ihrer Daten an Dritte, es sei denn, dies ist gesetzlich vorgeschrieben oder zur Vertragserf\u00fcllung notwendig.<\/p>\n<p data-start=\"2716\" data-end=\"2950\"><strong data-start=\"2716\" data-end=\"2730\">6. Cookies<\/strong><br data-start=\"2730\" data-end=\"2733\" \/>Unsere Website verwendet Cookies. Diese richten keinen Schaden an und dienen der Nutzerfreundlichkeit. Sie k\u00f6nnen Ihren Browser so einstellen, dass er Sie \u00fcber das Setzen von Cookies informiert oder diese deaktiviert.<\/p>\n<p data-start=\"2952\" data-end=\"3019\"><strong data-start=\"2952\" data-end=\"2992\">7. Ihre Rechte als betroffene Person<\/strong><br data-start=\"2992\" data-end=\"2995\" \/>Sie haben das Recht auf:<\/p>\n<ul data-start=\"3020\" data-end=\"3306\">\n<li data-start=\"3020\" data-end=\"3051\">\n<p data-start=\"3022\" data-end=\"3051\">Auskunft nach Art.\u202f15 DSGVO<\/p>\n<\/li>\n<li data-start=\"3052\" data-end=\"3087\">\n<p data-start=\"3054\" data-end=\"3087\">Berichtigung nach Art.\u202f16 DSGVO<\/p>\n<\/li>\n<li data-start=\"3088\" data-end=\"3119\">\n<p data-start=\"3090\" data-end=\"3119\">L\u00f6schung nach Art.\u202f17 DSGVO<\/p>\n<\/li>\n<li data-start=\"3120\" data-end=\"3173\">\n<p data-start=\"3122\" data-end=\"3173\">Einschr\u00e4nkung der Verarbeitung nach Art.\u202f18 DSGVO<\/p>\n<\/li>\n<li data-start=\"3174\" data-end=\"3208\">\n<p data-start=\"3176\" data-end=\"3208\">Widerspruch nach Art.\u202f21 DSGVO<\/p>\n<\/li>\n<li data-start=\"3209\" data-end=\"3306\">\n<p data-start=\"3211\" data-end=\"3306\">Daten\u00fcbertragbarkeit nach Art.\u202f20 DSGVO<br data-start=\"3250\" data-end=\"3253\" \/>Bitte wenden Sie sich daf\u00fcr an: [Ihre E-Mail-Adresse]<\/p>\n<\/li>\n<\/ul>\n<p data-start=\"3308\" data-end=\"3456\"><strong data-start=\"3308\" data-end=\"3350\">8. Widerspruchsrecht bei Direktwerbung<\/strong><br data-start=\"3350\" data-end=\"3353\" \/>Sie k\u00f6nnen der Verarbeitung Ihrer Daten f\u00fcr Werbezwecke jederzeit widersprechen (Art.\u202f21 Abs.\u202f2 DSGVO).<\/p>\n<p data-start=\"3458\" data-end=\"3667\"><strong data-start=\"3458\" data-end=\"3505\">9. Beschwerderecht bei der Aufsichtsbeh\u00f6rde<\/strong><br data-start=\"3505\" data-end=\"3508\" \/>Wenn Sie der Meinung sind, dass die Verarbeitung Ihrer Daten gegen Datenschutzrecht verst\u00f6\u00dft, k\u00f6nnen Sie sich bei einer Datenschutzaufsichtsbeh\u00f6rde beschweren.<\/p>\n<p data-start=\"3669\" data-end=\"3786\"><strong data-start=\"3669\" data-end=\"3696\">10. SSL-Verschl\u00fcsselung<\/strong><br data-start=\"3696\" data-end=\"3699\" \/>Unsere Seite nutzt aus Sicherheitsgr\u00fcnden SSL-Verschl\u00fcsselung bei der Daten\u00fcbertragung.<\/p>\n<p data-start=\"554\" data-end=\"621\">\n<p>[\/et_pb_text][et_pb_image src=&#8220;https:\/\/citysafex.de\/wp-content\/uploads\/2025\/08\/security-services-007.jpg&#8220; title_text=&#8220;security-services-007&#8243; _builder_version=&#8220;4.16&#8243; _module_preset=&#8220;default&#8220; locked=&#8220;off&#8220; global_colors_info=&#8220;{}&#8220;][\/et_pb_image][\/et_pb_column][\/et_pb_row][\/et_pb_section][et_pb_section fb_built=&#8220;1&#8243; admin_label=&#8220;Footer&#8220; _builder_version=&#8220;4.16&#8243; _module_preset=&#8220;default&#8220; use_background_color_gradient=&#8220;on&#8220; background_color_gradient_direction=&#8220;-40deg&#8220; background_color_gradient_stops=&#8220;#ffc230 50%|#ed4421 50%&#8220; background_color_gradient_start=&#8220;#ffc230&#8243; background_color_gradient_start_position=&#8220;50%&#8220; background_color_gradient_end=&#8220;#ed4421&#8243; background_color_gradient_end_position=&#8220;50%&#8220; background_image=&#8220;https:\/\/citysafex.de\/wp-content\/uploads\/2025\/08\/security-services-008.png&#8220; custom_margin=&#8220;||-7px|||&#8220; locked=&#8220;off&#8220; global_colors_info=&#8220;{}&#8220; theme_builder_area=&#8220;post_content&#8220;][et_pb_row column_structure=&#8220;1_4,1_4,1_2&#8243; make_equal=&#8220;on&#8220; _builder_version=&#8220;4.16&#8243; _module_preset=&#8220;default&#8220; global_colors_info=&#8220;{}&#8220; theme_builder_area=&#8220;post_content&#8220;][et_pb_column type=&#8220;1_4&#8243; _builder_version=&#8220;4.16&#8243; _module_preset=&#8220;default&#8220; global_colors_info=&#8220;{}&#8220; theme_builder_area=&#8220;post_content&#8220;][et_pb_text _builder_version=&#8220;4.16&#8243; _module_preset=&#8220;3a5fa9a7-7987-4564-89a5-37b87a5b6ad8&#8243; header_font=&#8220;||||||||&#8220; header_3_font=&#8220;Michroma|700|||||||&#8220; header_3_text_color=&#8220;#FFFFFF&#8220; header_3_line_height=&#8220;1.5em&#8220; custom_margin=&#8220;||10px||false|false&#8220; header_3_font_size_tablet=&#8220;20px&#8220; header_3_font_size_phone=&#8220;16px&#8220; header_3_font_size_last_edited=&#8220;on|phone&#8220; locked=&#8220;off&#8220; global_colors_info=&#8220;{}&#8220; theme_builder_area=&#8220;post_content&#8220;]<\/p>\n<h3>Services<\/h3>\n<p>[\/et_pb_text][et_pb_text _builder_version=&#8220;4.16&#8243; _module_preset=&#8220;aec0be99-8a53-4f75-abf2-64f29a8b4cc2&#8243; text_font=&#8220;Ubuntu|500|||||||&#8220; text_text_color=&#8220;#FFFFFF&#8220; text_font_size=&#8220;17px&#8220; text_line_height=&#8220;2.2em&#8220; link_text_color=&#8220;#FFFFFF&#8220; custom_margin=&#8220;||0px||false|false&#8220; text_font_size_tablet=&#8220;16px&#8220; text_font_size_phone=&#8220;13px&#8220; text_font_size_last_edited=&#8220;on|phone&#8220; locked=&#8220;off&#8220; global_colors_info=&#8220;{}&#8220; link_text_color__hover_enabled=&#8220;on|desktop&#8220; link_text_color__hover=&#8220;#FFC230&#8243; theme_builder_area=&#8220;post_content&#8220;]<\/p>\n<p><a href=\"#\">Sicherheitsdienst Berlin<\/a><\/p>\n<p>Veranstaltungsschutz &amp; Event-Security<\/p>\n<p><a href=\"#\">Verkehrs-, Bahn- &amp; \u00d6PNV-Sicherheit (BVG \/ Deutsche Bahn)<\/a><\/p>\n<p><a href=\"#\">Revierdienst &amp; Mobile Streifen<\/a><\/p>\n<p>Brandsicherheitswachdienst &amp; Notruf\u2011Serviceleitstelle<\/p>\n<p>Personenschutz &amp; Botschaftsbewachung<\/p>\n<p><a href=\"#\">Baustellenbewachung &amp; Arealsicherung<\/a><\/p>\n<p>Interventionsdienst &amp; Citystreife<\/p>\n<p>Sicherheitsberatung &amp; individuelle Konzepte<\/p>\n<p>Technikgest\u00fctzte Sicherheit &amp; Video\u00fcberwachung<\/p>\n<p>Zusatz- und Serviceleistungen<\/p>\n<p>[\/et_pb_text][\/et_pb_column][et_pb_column type=&#8220;1_4&#8243; _builder_version=&#8220;4.16&#8243; _module_preset=&#8220;default&#8220; global_colors_info=&#8220;{}&#8220; theme_builder_area=&#8220;post_content&#8220;][et_pb_text _builder_version=&#8220;4.16&#8243; _module_preset=&#8220;3a5fa9a7-7987-4564-89a5-37b87a5b6ad8&#8243; header_font=&#8220;||||||||&#8220; header_3_font=&#8220;Michroma|700|||||||&#8220; header_3_text_color=&#8220;#FFFFFF&#8220; header_3_line_height=&#8220;1.5em&#8220; custom_margin=&#8220;||10px||false|false&#8220; header_3_font_size_tablet=&#8220;20px&#8220; header_3_font_size_phone=&#8220;16px&#8220; header_3_font_size_last_edited=&#8220;on|phone&#8220; locked=&#8220;off&#8220; global_colors_info=&#8220;{}&#8220; theme_builder_area=&#8220;post_content&#8220;]<\/p>\n<h3>Links<\/h3>\n<p>[\/et_pb_text][et_pb_text _builder_version=&#8220;4.16&#8243; _module_preset=&#8220;aec0be99-8a53-4f75-abf2-64f29a8b4cc2&#8243; text_font=&#8220;Ubuntu|500|||||||&#8220; text_text_color=&#8220;#FFFFFF&#8220; text_font_size=&#8220;17px&#8220; text_line_height=&#8220;2.2em&#8220; link_text_color=&#8220;#FFFFFF&#8220; custom_margin=&#8220;||0px||false|false&#8220; text_font_size_tablet=&#8220;16px&#8220; text_font_size_phone=&#8220;13px&#8220; text_font_size_last_edited=&#8220;on|phone&#8220; locked=&#8220;off&#8220; global_colors_info=&#8220;{}&#8220; link_text_color__hover=&#8220;#FFC230&#8243; link_text_color__hover_enabled=&#8220;on|desktop&#8220; theme_builder_area=&#8220;post_content&#8220;]<\/p>\n<p>Startseite<\/p>\n<p><a href=\"https:\/\/citysafex.de\/index.php\/leistungen\/\">Leistungen<\/a><\/p>\n<p><a href=\"https:\/\/citysafex.de\/index.php\/ueber-uns\/\">\u00dcber uns\u00a0<\/a><\/p>\n<p><a href=\"https:\/\/citysafex.de\/index.php\/datenschutz\/\">Datenschutz<\/a><\/p>\n<p>Impressum<\/p>\n<p>&nbsp;<\/p>\n<p>[\/et_pb_text][\/et_pb_column][et_pb_column type=&#8220;1_2&#8243; _builder_version=&#8220;4.16&#8243; _module_preset=&#8220;default&#8220; background_color=&#8220;#000724&#8243; custom_padding=&#8220;60px|60px|60px|60px|true|true&#8220; custom_padding_tablet=&#8220;50px|50px|50px|50px|true|true&#8220; custom_padding_phone=&#8220;20px|20px|20px|20px|true|true&#8220; custom_padding_last_edited=&#8220;on|phone&#8220; box_shadow_style=&#8220;preset1&#8243; box_shadow_horizontal=&#8220;30px&#8220; box_shadow_vertical=&#8220;100px&#8220; box_shadow_blur=&#8220;120px&#8220; box_shadow_color=&#8220;rgba(0,7,36,0.7)&#8220; global_colors_info=&#8220;{}&#8220; theme_builder_area=&#8220;post_content&#8220;][et_pb_image src=&#8220;https:\/\/citysafex.de\/wp-content\/uploads\/2025\/08\/Sicherheitsdienst-Firma-Berlin.png&#8220; title_text=&#8220;Sicherheitsdienst Firma Berlin&#8220; _builder_version=&#8220;4.27.4&#8243; _module_preset=&#8220;default&#8220; max_width=&#8220;150px&#8220; max_width_tablet=&#8220;80px&#8220; max_width_phone=&#8220;60px&#8220; max_width_last_edited=&#8220;on|phone&#8220; custom_margin=&#8220;-110px|||-110px|false|false&#8220; custom_margin_tablet=&#8220;-75px|||-75px|false|false&#8220; custom_margin_phone=&#8220;-35px|||-35px|false|false&#8220; custom_margin_last_edited=&#8220;on|phone&#8220; locked=&#8220;off&#8220; global_colors_info=&#8220;{}&#8220; theme_builder_area=&#8220;post_content&#8220;][\/et_pb_image][et_pb_text _builder_version=&#8220;4.16&#8243; _module_preset=&#8220;32021f09-dd67-47fb-8f9a-832b72a38baf&#8220; header_2_font=&#8220;Michroma||||||||&#8220; header_2_text_color=&#8220;#FFFFFF&#8220; header_2_font_size=&#8220;32px&#8220; header_2_line_height=&#8220;1.35em&#8220; custom_margin_tablet=&#8220;|0%|||false|false&#8220; custom_margin_last_edited=&#8220;off|desktop&#8220; header_2_font_size_tablet=&#8220;32px&#8220; header_2_font_size_phone=&#8220;20px&#8220; header_2_font_size_last_edited=&#8220;on|tablet&#8220; locked=&#8220;off&#8220; global_colors_info=&#8220;{}&#8220; theme_builder_area=&#8220;post_content&#8220;]<\/p>\n<h2><strong data-start=\"1885\" data-end=\"1905\">City Safe X GmbH<\/strong><\/h2>\n<p>[\/et_pb_text][et_pb_blurb title=&#8220;Haupsitz&#8220; url=&#8220;https:\/\/share.google\/aDaBXs3YK3PybAQiU&#8220; image=&#8220;https:\/\/citysafex.de\/wp-content\/uploads\/2025\/08\/sercurity-services-icon-light-9.png&#8220; icon_placement=&#8220;left&#8220; image_icon_width=&#8220;48px&#8220; content_max_width=&#8220;100%&#8220; image_icon_width_tablet=&#8220;32px&#8220; image_icon_width_phone=&#8220;24px&#8220; image_icon_width_last_edited=&#8220;on|phone&#8220; _builder_version=&#8220;4.27.4&#8243; _module_preset=&#8220;794e3381-eaa8-4dd9-ae78-e1c4b9119be9&#8243; header_font=&#8220;Michroma|700||on|||||&#8220; header_text_color=&#8220;#FFFFFF&#8220; header_font_size=&#8220;12px&#8220; header_letter_spacing=&#8220;0.2em&#8220; header_line_height=&#8220;1.2em&#8220; body_font=&#8220;Ubuntu|700|||||||&#8220; body_text_color=&#8220;#FFC230&#8243; body_line_height=&#8220;1.6em&#8220; body_link_text_color=&#8220;#FFC230&#8243; background_layout=&#8220;dark&#8220; custom_margin=&#8220;||50px||false|false&#8220; custom_margin_tablet=&#8220;||40px||false|false&#8220; custom_margin_phone=&#8220;||30px||false|false&#8220; custom_margin_last_edited=&#8220;on|phone&#8220; animation=&#8220;off&#8220; link_option_url=&#8220;https:\/\/share.google\/aDaBXs3YK3PybAQiU&#8220; header_font_size_tablet=&#8220;10px&#8220; header_font_size_phone=&#8220;&#8220; header_font_size_last_edited=&#8220;on|phone&#8220; body_font_size_tablet=&#8220;14px&#8220; body_font_size_phone=&#8220;13px&#8220; body_font_size_last_edited=&#8220;on|phone&#8220; image_max_width=&#8220;48px&#8220; image_max_width_tablet=&#8220;32px&#8220; image_max_width_phone=&#8220;24px&#8220; image_max_width_last_edited=&#8220;on|phone&#8220; locked=&#8220;off&#8220; global_colors_info=&#8220;{}&#8220; theme_builder_area=&#8220;post_content&#8220;]<\/p>\n<p><span class=\"relative -mx-px my-[-0.2rem] rounded px-px py-[0.2rem] transition-colors duration-100 ease-in-out\">Georgenstra\u00dfe\u202f35, 10117 Berlin<\/span><\/p>\n<p>[\/et_pb_blurb][et_pb_blurb title=&#8220;Call us&#8220; image=&#8220;https:\/\/citysafex.de\/wp-content\/uploads\/2025\/08\/sercurity-services-icon-light-15.png&#8220; icon_placement=&#8220;left&#8220; image_icon_width=&#8220;48px&#8220; content_max_width=&#8220;100%&#8220; image_icon_width_tablet=&#8220;32px&#8220; image_icon_width_phone=&#8220;24px&#8220; image_icon_width_last_edited=&#8220;on|phone&#8220; _builder_version=&#8220;4.27.4&#8243; _module_preset=&#8220;794e3381-eaa8-4dd9-ae78-e1c4b9119be9&#8243; header_font=&#8220;Michroma|700||on|||||&#8220; header_text_color=&#8220;#FFFFFF&#8220; header_font_size=&#8220;12px&#8220; header_letter_spacing=&#8220;0.2em&#8220; header_line_height=&#8220;1.2em&#8220; body_font=&#8220;Ubuntu|700|||||||&#8220; body_text_color=&#8220;#FFC230&#8243; body_line_height=&#8220;1.6em&#8220; body_link_text_color=&#8220;#FFC230&#8243; background_layout=&#8220;dark&#8220; custom_margin=&#8220;||50px||false|false&#8220; custom_margin_tablet=&#8220;||40px||false|false&#8220; custom_margin_phone=&#8220;||30px||false|false&#8220; custom_margin_last_edited=&#8220;on|phone&#8220; animation=&#8220;off&#8220; link_option_url=&#8220;Te:+493023297655&#8243; header_font_size_tablet=&#8220;10px&#8220; header_font_size_phone=&#8220;&#8220; header_font_size_last_edited=&#8220;on|phone&#8220; body_font_size_tablet=&#8220;14px&#8220; body_font_size_phone=&#8220;13px&#8220; body_font_size_last_edited=&#8220;on|phone&#8220; image_max_width=&#8220;48px&#8220; image_max_width_tablet=&#8220;32px&#8220; image_max_width_phone=&#8220;24px&#8220; image_max_width_last_edited=&#8220;on|phone&#8220; locked=&#8220;off&#8220; global_colors_info=&#8220;{}&#8220; theme_builder_area=&#8220;post_content&#8220;]<\/p>\n<p><a href=\"#\">(030) 232 976 55<\/a><\/p>\n<p>[\/et_pb_blurb][et_pb_blurb title=&#8220;Email us&#8220; url=&#8220;mailto:info@citysafex.de&#8220; image=&#8220;https:\/\/citysafex.de\/wp-content\/uploads\/2025\/08\/sercurity-services-icon-light-6.png&#8220; icon_placement=&#8220;left&#8220; image_icon_width=&#8220;48px&#8220; content_max_width=&#8220;100%&#8220; image_icon_width_tablet=&#8220;32px&#8220; image_icon_width_phone=&#8220;24px&#8220; image_icon_width_last_edited=&#8220;on|phone&#8220; _builder_version=&#8220;4.27.4&#8243; _module_preset=&#8220;794e3381-eaa8-4dd9-ae78-e1c4b9119be9&#8243; header_font=&#8220;Michroma|700||on|||||&#8220; header_text_color=&#8220;#FFFFFF&#8220; header_font_size=&#8220;12px&#8220; header_letter_spacing=&#8220;0.2em&#8220; header_line_height=&#8220;1.2em&#8220; body_font=&#8220;Ubuntu|700|||||||&#8220; body_text_color=&#8220;#FFC230&#8243; body_line_height=&#8220;1.6em&#8220; body_link_text_color=&#8220;#FFC230&#8243; background_layout=&#8220;dark&#8220; custom_margin=&#8220;||50px||false|false&#8220; custom_margin_tablet=&#8220;||40px||false|false&#8220; custom_margin_phone=&#8220;||30px||false|false&#8220; custom_margin_last_edited=&#8220;on|phone&#8220; animation=&#8220;off&#8220; header_font_size_tablet=&#8220;10px&#8220; header_font_size_phone=&#8220;&#8220; header_font_size_last_edited=&#8220;on|phone&#8220; body_font_size_tablet=&#8220;14px&#8220; body_font_size_phone=&#8220;13px&#8220; body_font_size_last_edited=&#8220;on|phone&#8220; image_max_width=&#8220;48px&#8220; image_max_width_tablet=&#8220;32px&#8220; image_max_width_phone=&#8220;24px&#8220; image_max_width_last_edited=&#8220;on|phone&#8220; locked=&#8220;off&#8220; global_colors_info=&#8220;{}&#8220; theme_builder_area=&#8220;post_content&#8220;]<\/p>\n<p>info @citysafex.de<\/p>\n<p>[\/et_pb_blurb][et_pb_button button_url=&#8220;mailto:info@citysafex.de&#8220; button_text=&#8220;E-Mail schreiben&#8220; _builder_version=&#8220;4.27.4&#8243; _module_preset=&#8220;a1a44e28-0dd8-4472-a0f2-f03501a13878&#8243; custom_button=&#8220;on&#8220; button_text_size=&#8220;16px&#8220; button_text_color=&#8220;#FFFFFF&#8220; button_bg_color=&#8220;#ED4421&#8243; button_border_width=&#8220;0px&#8220; button_border_radius=&#8220;0px&#8220; button_font=&#8220;Michroma|700|||||||&#8220; button_icon=&#8220;&#xe03c;||divi||400&#8243; custom_padding=&#8220;15px|30px|18px|30px|false|true&#8220; custom_padding_tablet=&#8220;12px|20px|15px|20px|false|true&#8220; custom_padding_phone=&#8220;&#8220; custom_padding_last_edited=&#8220;on|tablet&#8220; locked=&#8220;off&#8220; global_colors_info=&#8220;{}&#8220; button_text_color__hover=&#8220;#FFC230&#8243; button_text_color__hover_enabled=&#8220;on|desktop&#8220; button_bg_color__hover=&#8220;#544E70&#8243; button_bg_color__hover_enabled=&#8220;on|hover&#8220; custom_padding__hover=&#8220;|45px|||false|false&#8220; custom_padding__hover_enabled=&#8220;on|desktop&#8220; button_bg_enable_color__hover=&#8220;on&#8220; theme_builder_area=&#8220;post_content&#8220;][\/et_pb_button][\/et_pb_column][\/et_pb_row][\/et_pb_section]<\/p>\n","protected":false},"excerpt":{"rendered":"<p>Datenschutz nach DSGVO, g\u00fcltig f\u00fcr die Website www.citysafex.de 1. Allgemeines zur DatenverarbeitungDer Schutz Ihrer pers\u00f6nlichen Daten ist uns ein besonderes Anliegen. Wir verarbeiten Ihre Daten ausschlie\u00dflich auf Grundlage der gesetzlichen Bestimmungen (DSGVO, BDSG, TMG). 2. VerantwortlicherCity Safe X Security und Dienstleistungen GmbHGeorgenstra\u00dfe 3510117 BerlinKontakt:Telefon: +493023297655E-Mail: info @citysafex.de 3. Erhebung und Speicherung personenbezogener Daten sowie Art [&hellip;]<\/p>\n","protected":false},"author":1,"featured_media":0,"parent":0,"menu_order":0,"comment_status":"closed","ping_status":"closed","template":"","meta":{"_et_pb_use_builder":"on","_et_pb_old_content":"","_et_gb_content_width":"","footnotes":""},"class_list":["post-67","page","type-page","status-publish","hentry"],"_links":{"self":[{"href":"https:\/\/citysafex.de\/index.php\/wp-json\/wp\/v2\/pages\/67","targetHints":{"allow":["GET"]}}],"collection":[{"href":"https:\/\/citysafex.de\/index.php\/wp-json\/wp\/v2\/pages"}],"about":[{"href":"https:\/\/citysafex.de\/index.php\/wp-json\/wp\/v2\/types\/page"}],"author":[{"embeddable":true,"href":"https:\/\/citysafex.de\/index.php\/wp-json\/wp\/v2\/users\/1"}],"replies":[{"embeddable":true,"href":"https:\/\/citysafex.de\/index.php\/wp-json\/wp\/v2\/comments?post=67"}],"version-history":[{"count":6,"href":"https:\/\/citysafex.de\/index.php\/wp-json\/wp\/v2\/pages\/67\/revisions"}],"predecessor-version":[{"id":132,"href":"https:\/\/citysafex.de\/index.php\/wp-json\/wp\/v2\/pages\/67\/revisions\/132"}],"wp:attachment":[{"href":"https:\/\/citysafex.de\/index.php\/wp-json\/wp\/v2\/media?parent=67"}],"curies":[{"name":"wp","href":"https:\/\/api.w.org\/{rel}","templated":true}]}}